{"id":3,"date":"2025-03-04T18:29:00","date_gmt":"2025-03-04T18:29:00","guid":{"rendered":"http:\/\/shop.amikeco.ro\/?page_id=3"},"modified":"2025-03-05T17:54:19","modified_gmt":"2025-03-05T17:54:19","slug":"privacy-policy","status":"publish","type":"page","link":"http:\/\/shop.amikeco.ro\/?page_id=3","title":{"rendered":"Privacy Policy"},"content":{"rendered":"\t\t<div data-elementor-type=\"wp-page\" data-elementor-id=\"3\" class=\"elementor elementor-3\">\n\t\t\t\t<div class=\"elementor-element elementor-element-4d0c13be e-flex e-con-boxed e-con e-parent\" data-id=\"4d0c13be\" data-element_type=\"container\">\n\t\t\t\t\t<div class=\"e-con-inner\">\n\t\t\t\t<div class=\"elementor-element elementor-element-3f2bb108 elementor-widget elementor-widget-text-editor\" data-id=\"3f2bb108\" data-element_type=\"widget\" data-widget_type=\"text-editor.default\">\n\t\t\t\t<div class=\"elementor-widget-container\"><h5 class=\"wp-block-heading\">Cine suntem noi?<\/h5>\n<p>Adresa site-ului nostru este: https:\/\/shop.amikeco.ro<\/p>\n<h5>Comentarii<\/h5>\n<p>C\u00e2nd vizitatorii las\u0103 comentarii pe site, colect\u0103m datele afi\u0219ate \u00een formularul de contact, precum \u0219i adresa IP a vizitatorului pentru a ajuta la detectarea spam-ului.<\/p>\n<p>Un \u0219ir anonim creat de la adresa dvs. de e-mail (numit \u0219i hash) poate fi furnizat serviciului Gravatar pentru a vedea dac\u0103 \u00eel utiliza\u021bi. Politica de confiden\u021bialitate a serviciului Gravatar este disponibil\u0103 aici: https:\/\/automattic.com\/privacy\/. Dup\u0103 aprobarea comentariului, fotografia dvs. de profil este posibil s\u0103 fie vizibil\u0103 publicului \u00een contextul comentariului postat.<\/p>\n<h5>Media<\/h5>\n<p>Dac\u0103 \u00eenc\u0103rca\u021bi imagini pe site-ul web, ar trebui s\u0103 evita\u021bi s\u0103 \u00eenc\u0103rca\u021bi imagini cu date de loca\u021bie \u00eencorporate (EXIF GPS) incluse. Vizitatorii site-ului web pot desc\u0103rca \u0219i extrage orice date despre loca\u021bie din imaginile de pe site.<\/p>\n<h5>Cookie-uri<\/h5>\n<p>Dac\u0103 l\u0103sa\u021bi un comentariu pe site-ul nostru, pute\u021bi opta pentru salvarea numelui, a adresei de e-mail \u0219i a site-ului web \u00een cookie-uri. Acestea sunt pentru comoditatea dumneavoastr\u0103, astfel \u00eenc\u00e2t s\u0103 nu fie nevoie s\u0103 v\u0103 completa\u021bi din nou datele c\u00e2nd l\u0103sa\u021bi un alt comentariu. Aceste cookie-uri vor dura un an.<\/p>\n<p>Dac\u0103 vizita\u021bi pagina noastr\u0103 de conectare, vom seta un cookie temporar pentru a determina dac\u0103 browserul dumneavoastr\u0103 accept\u0103 cookie-uri. Acest cookie nu con\u021bine date personale \u0219i este eliminat atunci c\u00e2nd \u00eenchide\u021bi browserul.<\/p>\n<p>C\u00e2nd v\u0103 conecta\u021bi, vom configura \u0219i c\u00e2teva module cookie pentru a v\u0103 salva informa\u021biile de conectare \u0219i op\u021biunile de afi\u0219are a ecranului. Cookie-urile de conectare dureaz\u0103 dou\u0103 zile, iar modulele cookie de op\u021biuni de ecran dureaz\u0103 un an. Dac\u0103 selecta\u021bi \u201e\u021aine\u021bi minte\u201d, autentificarea dvs. va persista timp de dou\u0103 s\u0103pt\u0103m\u00e2ni. Dac\u0103 v\u0103 deconecta\u021bi de la contul dvs., cookie-urile de conectare vor fi eliminate.<\/p>\n<p>Dac\u0103 edita\u021bi sau publica\u021bi un articol, un cookie suplimentar va fi salvat \u00een browser. Acest cookie nu include date personale \u0219i indic\u0103 pur \u0219i simplu ID-ul post\u0103rii articolului pe care tocmai l-a\u021bi editat. Expir\u0103 dup\u0103 1 zi.<\/p>\n<h5>Con\u021binut \u00eencorporat de pe alte site-uri web<\/h5>\n<p>Articolele de pe acest site pot include con\u021binut \u00eencorporat (de exemplu, videoclipuri, imagini, articole etc.). Con\u021binutul \u00eencorporat de pe alte site-uri web se comport\u0103 exact \u00een acela\u0219i mod ca \u0219i cum vizitatorul ar fi vizitat cel\u0103lalt site web.<\/p>\n<p>Aceste site-uri web pot colecta date despre dvs., pot folosi cookie-uri, pot \u00eencorpora urm\u0103rirea suplimentar\u0103 de la ter\u021bi \u0219i v\u0103 pot monitoriza interac\u021biunea cu acel con\u021binut \u00eencorporat, inclusiv urm\u0103rirea interac\u021biunii dvs. cu con\u021binutul \u00eencorporat dac\u0103 ave\u021bi un cont \u0219i sunte\u021bi conectat la acel site web.<\/p>\n<h5>Cu cine \u00eemp\u0103rt\u0103\u0219im datele dvs<\/h5>\n<p>Dac\u0103 solicita\u021bi o resetare a parolei, adresa dvs. IP va fi inclus\u0103 \u00een e-mailul de resetare.<\/p>\n<h5>C\u00e2t timp p\u0103str\u0103m datele dvs<\/h5>\n<p>Dac\u0103 l\u0103sa\u021bi un comentariu, comentariul \u0219i metadatele sale sunt p\u0103strate pe o perioad\u0103 nedeterminat\u0103. Acest lucru este astfel \u00eenc\u00e2t s\u0103 putem recunoa\u0219te \u0219i aproba automat orice comentarii ulterioare, \u00een loc s\u0103 le \u021binem \u00eentr-o coad\u0103 de moderare.<\/p>\n<p>Pentru utilizatorii care se \u00eenregistreaz\u0103 pe site-ul nostru web (dac\u0103 exist\u0103), stoc\u0103m \u0219i informa\u021biile personale pe care le furnizeaz\u0103 \u00een profilul lor de utilizator. To\u021bi utilizatorii \u00ee\u0219i pot vedea, edita sau \u0219terge informa\u021biile personale \u00een orice moment (cu excep\u021bia faptului c\u0103 nu \u00ee\u0219i pot schimba numele de utilizator). Administratorii site-urilor web pot, de asemenea, s\u0103 vad\u0103 \u0219i s\u0103 editeze aceste informa\u021bii.<\/p>\n<h5>Ce drepturi ave\u021bi asupra datelor dvs<\/h5>\n<p>Dac\u0103 ave\u021bi un cont pe acest site sau a\u021bi l\u0103sat comentarii, pute\u021bi solicita s\u0103 primi\u021bi un fi\u0219ier exportat cu datele personale pe care le de\u021binem despre dvs., inclusiv orice date pe care ni le-a\u021bi furnizat. De asemenea, pute\u021bi solicita s\u0103 \u0219tergem toate datele personale pe care le de\u021binem despre dumneavoastr\u0103. Aceasta nu include datele pe care suntem obliga\u021bi s\u0103 le p\u0103str\u0103m \u00een scopuri administrative, legale sau de securitate. Coresponden\u021ba se va face exclusiv la adresa de email contact@amikeco.ro.<\/p>\n<h5>Cum utiliz\u0103m datele pentru a difuza anun\u021buri on-line<\/h5>\n<p>Site-ul nostru colecteaz\u0103 \u0219i utilizeaz\u0103 informa\u021bii despre comportamentul vizitatorilor pentru a afi\u0219a anun\u021buri personalizate relevante. Aceste informa\u021bii pot include date despre paginile vizitate, produsele sau serviciile vizualizate, interesele exprimate \u00een timpul navig\u0103rii \u0219i alte interac\u021biuni pe site. Aceste date sunt folosite pentru:<\/p>\n<p>A crea experien\u021be de publicitate personalizat\u0103.<br \/>A optimiza campaniile de marketing, astfel \u00eenc\u00e2t s\u0103 v\u0103 oferim anun\u021buri relevante.<br \/>A analiza \u0219i \u00eembun\u0103t\u0103\u021bi eficien\u021ba anun\u021burilor \u0219i a experien\u021bei utilizatorilor.<br \/>Acest proces poate implica utilizarea de cookie-uri \u0219i identificatori unici pentru a colecta date non-personale, precum adresa IP sau comportamentul de navigare.<\/p>\n<h5>Utilizarea cookie-urilor de c\u0103tre furnizori ter\u021bi, inclusiv GOOGLE<\/h5>\n<p>Furnizorii ter\u021bi, inclusiv Google, utilizeaz\u0103 cookie-uri sau identificatori de dispozitiv pentru a difuza anun\u021buri pe baza interac\u021biunilor utilizatorilor cu site-ul nostru sau cu alte site-uri web. Ace\u0219ti identificatori permit:<\/p>\n<p>Colectarea datelor despre preferin\u021bele utilizatorilor pentru a oferi anun\u021buri relevante.<br \/>Difuzarea de anun\u021buri bazate pe istoricul de navigare al utilizatorilor.<br \/>Mai multe informa\u021bii despre modul \u00een care Google utilizeaz\u0103 datele colectate pot fi g\u0103site pe pagina oficial\u0103 a politicilor de confiden\u021bialitate Google:<br \/>https:\/\/business.safety.google\/privacy\/<\/p>\n<h5>Cum pute\u021bi renun\u021ba la utilizarea cookie-urilor \u0219i a identificatorilor de dispozitiv<\/h5>\n<p>Vizitatorii pot controla \u0219i ajusta modul \u00een care datele lor sunt utilizate pentru difuzarea anun\u021burilor personalizate. Pentru a renun\u021ba la utilizarea cookie-urilor sau a identificatorilor de dispozitiv de c\u0103tre Google, vizita\u021bi pagina Set\u0103ri anun\u021buriGoogle.<\/p>\n<p>De asemenea, pute\u021bi dezactiva cookie-urile din set\u0103rile browserului utilizat sau folosind instrumentele de gestionare a confiden\u021bialit\u0103\u021bii disponibile. Re\u021bine\u021bi c\u0103 dezactivarea cookie-urilor poate afecta experien\u021ba de navigare pe site \u0219i func\u021bionalitatea anumitor servicii.<\/p>\n<h5>Cum utilizeaz\u0103 Google datele dvs. personale<\/h5>\n<p>Dup\u0103 ce v\u0103 oferi\u021bi consim\u021b\u0103m\u00e2ntul, Google poate colecta \u0219i utiliza datele dumneavoastr\u0103 personale pentru a \u00eembun\u0103t\u0103\u021bi relevan\u021ba anun\u021burilor afi\u0219ate \u0219i pentru a optimiza experien\u021bele online. Aceste date pot include informa\u021bii precum:<\/p>\n<p>Activitatea online pe site-ul nostru \u0219i pe alte site-uri care colaboreaz\u0103 cu Google.<br \/>Identificatori unici, cum ar fi cookie-urile sau identificatorii de dispozitiv.<br \/>Date despre loca\u021bie, dac\u0103 sunt activate.<br \/>Aceste informa\u021bii sunt utilizate pentru:<\/p>\n<p>A afi\u0219a anun\u021buri personalizate care corespund intereselor dumneavoastr\u0103.<br \/>A analiza performan\u021ba anun\u021burilor \u0219i a \u00eembun\u0103t\u0103\u021bi campaniile de publicitate.<br \/>A oferi o experien\u021b\u0103 mai relevant\u0103 utilizatorilor \u00een ecosistemul Google \u0219i al partenerilor s\u0103i.<br \/>Pentru mai multe detalii despre modul \u00een care Google utilizeaz\u0103 datele personale \u0219i pentru a \u00een\u021belege politicile sale de confiden\u021bialitate, v\u0103 invit\u0103m s\u0103 consulta\u021bi pagina oficial\u0103:<br \/>https:\/\/business.safety.google\/privacy\/.<\/p>\t\t\t\t\t\t\t\t<\/div>\n\t\t\t\t<\/div>\n\t\t\t\t\t<\/div>\n\t\t\t\t<\/div>\t\t<\/div>\n\t\t","protected":false},"excerpt":{"rendered":"<p>Cine suntem noi? Adresa site-ului nostru este: https:\/\/shop.amikeco.ro Comentarii C\u00e2nd vizitatorii las\u0103 comentarii pe site, colect\u0103m datele afi\u0219ate \u00een formularul de contact, precum \u0219i adresa IP a vizitatorului pentru a ajuta la detectarea spam-ului. Un \u0219ir anonim creat de la adresa dvs. de e-mail (numit \u0219i hash) poate fi furnizat serviciului Gravatar pentru a vedea [&hellip;]<\/p>\n","protected":false},"author":1,"featured_media":0,"parent":0,"menu_order":0,"comment_status":"closed","ping_status":"open","template":"","meta":{"site-sidebar-layout":"default","site-content-layout":"","ast-site-content-layout":"default","site-content-style":"default","site-sidebar-style":"default","ast-global-header-display":"","ast-banner-title-visibility":"","ast-main-header-display":"","ast-hfb-above-header-display":"","ast-hfb-below-header-display":"","ast-hfb-mobile-header-display":"","site-post-title":"","ast-breadcrumbs-content":"","ast-featured-img":"","footer-sml-layout":"","ast-disable-related-posts":"","theme-transparent-header-meta":"","adv-header-id-meta":"","stick-header-meta":"","header-above-stick-meta":"","header-main-stick-meta":"","header-below-stick-meta":"","astra-migrate-meta-layouts":"set","ast-page-background-enabled":"default","ast-page-background-meta":{"desktop":{"background-color":"","background-image":"","background-repeat":"repeat","background-position":"center center","background-size":"auto","background-attachment":"scroll","background-type":"","background-media":"","overlay-type":"","overlay-color":"","overlay-opacity":"","overlay-gradient":""},"tablet":{"background-color":"","background-image":"","background-repeat":"repeat","background-position":"center center","background-size":"auto","background-attachment":"scroll","background-type":"","background-media":"","overlay-type":"","overlay-color":"","overlay-opacity":"","overlay-gradient":""},"mobile":{"background-color":"","background-image":"","background-repeat":"repeat","background-position":"center center","background-size":"auto","background-attachment":"scroll","background-type":"","background-media":"","overlay-type":"","overlay-color":"","overlay-opacity":"","overlay-gradient":""}},"ast-content-background-meta":{"desktop":{"background-color":"var(--ast-global-color-5)","background-image":"","background-repeat":"repeat","background-position":"center center","background-size":"auto","background-attachment":"scroll","background-type":"","background-media":"","overlay-type":"","overlay-color":"","overlay-opacity":"","overlay-gradient":""},"tablet":{"background-color":"var(--ast-global-color-5)","background-image":"","background-repeat":"repeat","background-position":"center center","background-size":"auto","background-attachment":"scroll","background-type":"","background-media":"","overlay-type":"","overlay-color":"","overlay-opacity":"","overlay-gradient":""},"mobile":{"background-color":"var(--ast-global-color-5)","background-image":"","background-repeat":"repeat","background-position":"center center","background-size":"auto","background-attachment":"scroll","background-type":"","background-media":"","overlay-type":"","overlay-color":"","overlay-opacity":"","overlay-gradient":""}},"footnotes":""},"class_list":["post-3","page","type-page","status-publish","hentry"],"aioseo_notices":[],"_links":{"self":[{"href":"http:\/\/shop.amikeco.ro\/index.php?rest_route=\/wp\/v2\/pages\/3","targetHints":{"allow":["GET"]}}],"collection":[{"href":"http:\/\/shop.amikeco.ro\/index.php?rest_route=\/wp\/v2\/pages"}],"about":[{"href":"http:\/\/shop.amikeco.ro\/index.php?rest_route=\/wp\/v2\/types\/page"}],"author":[{"embeddable":true,"href":"http:\/\/shop.amikeco.ro\/index.php?rest_route=\/wp\/v2\/users\/1"}],"replies":[{"embeddable":true,"href":"http:\/\/shop.amikeco.ro\/index.php?rest_route=%2Fwp%2Fv2%2Fcomments&post=3"}],"version-history":[{"count":5,"href":"http:\/\/shop.amikeco.ro\/index.php?rest_route=\/wp\/v2\/pages\/3\/revisions"}],"predecessor-version":[{"id":3352,"href":"http:\/\/shop.amikeco.ro\/index.php?rest_route=\/wp\/v2\/pages\/3\/revisions\/3352"}],"wp:attachment":[{"href":"http:\/\/shop.amikeco.ro\/index.php?rest_route=%2Fwp%2Fv2%2Fmedia&parent=3"}],"curies":[{"name":"wp","href":"https:\/\/api.w.org\/{rel}","templated":true}]}}