{"id":3353,"date":"2025-03-05T17:56:25","date_gmt":"2025-03-05T17:56:25","guid":{"rendered":"https:\/\/shop.amikeco.ro\/?page_id=3353"},"modified":"2025-03-05T17:57:49","modified_gmt":"2025-03-05T17:57:49","slug":"politica-de-livrare","status":"publish","type":"page","link":"http:\/\/shop.amikeco.ro\/?page_id=3353","title":{"rendered":"Politica de livrare"},"content":{"rendered":"\t\t<div data-elementor-type=\"wp-page\" data-elementor-id=\"3353\" class=\"elementor elementor-3353\">\n\t\t\t\t<div class=\"elementor-element elementor-element-50dc024 e-flex e-con-boxed e-con e-parent\" data-id=\"50dc024\" data-element_type=\"container\">\n\t\t\t\t\t<div class=\"e-con-inner\">\n\t\t\t\t<div class=\"elementor-element elementor-element-eb88533 elementor-widget elementor-widget-text-editor\" data-id=\"eb88533\" data-element_type=\"widget\" data-widget_type=\"text-editor.default\">\n\t\t\t\t<div class=\"elementor-widget-container\">\n\t\t\t\t\t\t\t\t\t<h5>Politica de livrare<\/h5><section class=\"article-content resize-picture-article\"><p>Produsele comandate se livreaza utilizand modalitatea si termenul de livrare alese de dvs la efectuarea comenzii. Produsele se afla in ambalajul original, sigilat, al producatorului sau pot fi desfacute pentru verificare si ambalare suplimentara. Sunt asigurate pe tot parcursul transportului, pana la livrare.<\/p><p>Livrarile se fac prin firme specializate de curierat.<\/p><p>Livrarile se fac de Luni pana Vineri intre orele 09:00 \u2013 21:00 si Sambata intre orele 09:00 \u2013 18:00.<\/p><p>Tarifele pentru livrarea comenzilor sunt urmatoarele:<\/p><p>GRATUIT la sediul dumneavoastr\u0103 \u2013 dac\u0103 valoarea (cu TVA inclus) dep\u0103\u0219e\u0103te 1500 RON (se acord\u0103 doar pentru produsele suplimente, nu pentru aparat).<\/p><p>Cost transport ad\u0103ugat \u00een cos \u2013 30 lei TVA inclus<\/p><p>Exist\u0103 \u0219i posibilitatea de livrare la locker.<\/p><p>Comanda este preg\u0103tit\u0103 \u0219i expediat\u0103 \u00een maxim o zi lucr\u0103toare de la plasarea comenzii, iar livrarea se efectueaz\u0103 \u00een maxim 3 zile de la expedierea coletului.<\/p><h5>Costul transportului include<\/h5><p><u>Produsele vor fi livrate pana la usa apartamentului destinatarului<\/u><\/p><p><u>Nu se livreaza pe drum de pamant<\/u><\/p><p><b>Ai dreptul de a verifica daca ai primit exact ce ai comandat!<\/b><\/p><p>La noi platesti dupa ce deschizi coletul si te asiguri ca ai primit produsul comandat, in stare perfecta. Serviciul \u201eDeschiderea coletului la livrare\u201d este disponibil pentru produsele vandute si expediate de GlogalPharm si este valabil atat pentru persoanele fizice, cat si pentru persoanele juridice.<\/p><h5>Cum func\u021bioneaz\u0103 serviciul?<\/h5><p>In momentul primirii comenzii poti solicita curierului deschiderea coletului pentru a verifica starea produsului\/produselor.<\/p><p>Acest serviciu iti ofera doar posibilitatea de a verifica daca produsul se prezinta in stare perfecta,\u00a0<b>nu-<\/b>si posibilitatea de a verifica tehnic (testa\/proba) produsul.<\/p><p>Daca in urma deschiderii coletului constati ca produsul comandat nu este \u00een stare perfecta de livrare \u015fi prezinta semne de lovire, zgarieturi sau alte probleme de tip estetic, iti recomandam sa refuzi comanda. Pentru a refuza comanda trebuie sa completezi un Proces verbal de constatare, in prezenta curierului, in momentul livrarii. Procesul verbal nu mai poate fi completat dupa plecarea curierului.<\/p><p>Daca ai achitat comanda online si in urma deschiderii coletului ai decis returnarea produsului, suma achitata online va fi restituita in contul din care ai efectuat plata, in cel mai scurt timp.\ufffd<\/p><p>In cazul comenzilor ce contin mai multe produse, daca in urma deschiderii coletului\/coletelor la livrare constati ca unul dintre produse nu se afla in stare perfecta si decizi refuzarea acestuia, procedura implica returul intregii comenzi, implicit a tuturor produselor livrate.\ufffd<\/p><h3>Cine achit\u0103 transportul?<\/h3><p>In cazul refuzului coletului prin intermediul serviciului \u201cDeschiderea coletului la livrare\u201d, taxele de transport nu trebuie achitate de catre cumparator.<\/p><p>ATENTIE! \u2013 Daca produsul primit are un defect fizic iti recomandam sa refuzi livrarea. Daca totusi ai acceptat coletul, iti recomandam sa nu folosesti produsul si sa ne aduci situatia la cunostinta in maxim 24 de ore de la livrare, prin orice metoda (email, telefon). Orice sesizare ulterioara nu va putea fi solutionata pozitiv.<\/p><\/section>\t\t\t\t\t\t\t\t<\/div>\n\t\t\t\t<\/div>\n\t\t\t\t\t<\/div>\n\t\t\t\t<\/div>\n\t\t\t\t<\/div>\n\t\t","protected":false},"excerpt":{"rendered":"<p>Politica de livrare Produsele comandate se livreaza utilizand modalitatea si termenul de livrare alese de dvs la efectuarea comenzii. Produsele se afla in ambalajul original, sigilat, al producatorului sau pot fi desfacute pentru verificare si ambalare suplimentara. Sunt asigurate pe tot parcursul transportului, pana la livrare. Livrarile se fac prin firme specializate de curierat. Livrarile [&hellip;]<\/p>\n","protected":false},"author":1,"featured_media":0,"parent":0,"menu_order":0,"comment_status":"closed","ping_status":"closed","template":"","meta":{"site-sidebar-layout":"no-sidebar","site-content-layout":"page-builder","ast-site-content-layout":"full-width-container","site-content-style":"default","site-sidebar-style":"default","ast-global-header-display":"","ast-banner-title-visibility":"","ast-main-header-display":"","ast-hfb-above-header-display":"","ast-hfb-below-header-display":"","ast-hfb-mobile-header-display":"","site-post-title":"disabled","ast-breadcrumbs-content":"","ast-featured-img":"disabled","footer-sml-layout":"","ast-disable-related-posts":"","theme-transparent-header-meta":"","adv-header-id-meta":"","stick-header-meta":"","header-above-stick-meta":"","header-main-stick-meta":"","header-below-stick-meta":"","astra-migrate-meta-layouts":"set","ast-page-background-enabled":"default","ast-page-background-meta":{"desktop":{"background-color":"","background-image":"","background-repeat":"repeat","background-position":"center center","background-size":"auto","background-attachment":"scroll","background-type":"","background-media":"","overlay-type":"","overlay-color":"","overlay-opacity":"","overlay-gradient":""},"tablet":{"background-color":"","background-image":"","background-repeat":"repeat","background-position":"center center","background-size":"auto","background-attachment":"scroll","background-type":"","background-media":"","overlay-type":"","overlay-color":"","overlay-opacity":"","overlay-gradient":""},"mobile":{"background-color":"","background-image":"","background-repeat":"repeat","background-position":"center center","background-size":"auto","background-attachment":"scroll","background-type":"","background-media":"","overlay-type":"","overlay-color":"","overlay-opacity":"","overlay-gradient":""}},"ast-content-background-meta":{"desktop":{"background-color":"var(--ast-global-color-5)","background-image":"","background-repeat":"repeat","background-position":"center center","background-size":"auto","background-attachment":"scroll","background-type":"","background-media":"","overlay-type":"","overlay-color":"","overlay-opacity":"","overlay-gradient":""},"tablet":{"background-color":"var(--ast-global-color-5)","background-image":"","background-repeat":"repeat","background-position":"center center","background-size":"auto","background-attachment":"scroll","background-type":"","background-media":"","overlay-type":"","overlay-color":"","overlay-opacity":"","overlay-gradient":""},"mobile":{"background-color":"var(--ast-global-color-5)","background-image":"","background-repeat":"repeat","background-position":"center center","background-size":"auto","background-attachment":"scroll","background-type":"","background-media":"","overlay-type":"","overlay-color":"","overlay-opacity":"","overlay-gradient":""}},"footnotes":""},"class_list":["post-3353","page","type-page","status-publish","hentry"],"aioseo_notices":[],"_links":{"self":[{"href":"http:\/\/shop.amikeco.ro\/index.php?rest_route=\/wp\/v2\/pages\/3353","targetHints":{"allow":["GET"]}}],"collection":[{"href":"http:\/\/shop.amikeco.ro\/index.php?rest_route=\/wp\/v2\/pages"}],"about":[{"href":"http:\/\/shop.amikeco.ro\/index.php?rest_route=\/wp\/v2\/types\/page"}],"author":[{"embeddable":true,"href":"http:\/\/shop.amikeco.ro\/index.php?rest_route=\/wp\/v2\/users\/1"}],"replies":[{"embeddable":true,"href":"http:\/\/shop.amikeco.ro\/index.php?rest_route=%2Fwp%2Fv2%2Fcomments&post=3353"}],"version-history":[{"count":7,"href":"http:\/\/shop.amikeco.ro\/index.php?rest_route=\/wp\/v2\/pages\/3353\/revisions"}],"predecessor-version":[{"id":3360,"href":"http:\/\/shop.amikeco.ro\/index.php?rest_route=\/wp\/v2\/pages\/3353\/revisions\/3360"}],"wp:attachment":[{"href":"http:\/\/shop.amikeco.ro\/index.php?rest_route=%2Fwp%2Fv2%2Fmedia&parent=3353"}],"curies":[{"name":"wp","href":"https:\/\/api.w.org\/{rel}","templated":true}]}}