{"id":168,"date":"2025-03-04T18:48:00","date_gmt":"2025-03-04T18:48:00","guid":{"rendered":"http:\/\/shop.amikeco.ro\/index.php\/product\/rockstar-legend-red-printed-tshirt\/"},"modified":"2025-03-05T15:44:08","modified_gmt":"2025-03-05T15:44:08","slug":"breloc-cu-busola","status":"publish","type":"product","link":"http:\/\/shop.amikeco.ro\/?product=breloc-cu-busola","title":{"rendered":"Breloc cu busol\u0103 Amikeco"},"content":{"rendered":"<p>\u2714 <strong>Design compact \u0219i rezistent<\/strong><br \/>\n\u2714 <strong>Busol\u0103 func\u021bional\u0103, perfect\u0103 pentru exploratori<\/strong><br \/>\n\u2714 <strong>Personalizabil prin sublimare<\/strong><br \/>\n\u2714 <strong>Accesoriul ideal pentru orice ocazie<\/strong><\/p>\n<p>Ia spiritul Amikeco cu tine oriunde mergi!<\/p>\n","protected":false},"excerpt":{"rendered":"<p>Un accesoriu practic \u0219i elegant, perfect pentru aventurierii din comunitatea <strong>Amikeco<\/strong>! Acest <strong>breloc metalic sublimabil<\/strong>, dotat cu busol\u0103, este ideal pentru a-\u021bi personaliza stilul \u0219i a avea mereu la \u00eendem\u00e2n\u0103 un mic ghid \u00een c\u0103l\u0103toriile tale.<\/p>\n","protected":false},"featured_media":3220,"comment_status":"open","ping_status":"closed","template":"","meta":{"site-sidebar-layout":"default","site-content-layout":"default","ast-site-content-layout":"default","site-content-style":"default","site-sidebar-style":"default","ast-global-header-display":"","ast-banner-title-visibility":"","ast-main-header-display":"","ast-hfb-above-header-display":"","ast-hfb-below-header-display":"","ast-hfb-mobile-header-display":"","site-post-title":"","ast-breadcrumbs-content":"","ast-featured-img":"","footer-sml-layout":"","ast-disable-related-posts":"","theme-transparent-header-meta":"default","adv-header-id-meta":"","stick-header-meta":"","header-above-stick-meta":"","header-main-stick-meta":"","header-below-stick-meta":"","astra-migrate-meta-layouts":"set","ast-page-background-enabled":"default","ast-page-background-meta":{"desktop":{"background-color":"","background-image":"","background-repeat":"repeat","background-position":"center center","background-size":"auto","background-attachment":"scroll","background-type":"","background-media":"","overlay-type":"","overlay-color":"","overlay-opacity":"","overlay-gradient":""},"tablet":{"background-color":"","background-image":"","background-repeat":"repeat","background-position":"center center","background-size":"auto","background-attachment":"scroll","background-type":"","background-media":"","overlay-type":"","overlay-color":"","overlay-opacity":"","overlay-gradient":""},"mobile":{"background-color":"","background-image":"","background-repeat":"repeat","background-position":"center center","background-size":"auto","background-attachment":"scroll","background-type":"","background-media":"","overlay-type":"","overlay-color":"","overlay-opacity":"","overlay-gradient":""}},"ast-content-background-meta":{"desktop":{"background-color":"var(--ast-global-color-5)","background-image":"","background-repeat":"repeat","background-position":"center center","background-size":"auto","background-attachment":"scroll","background-type":"","background-media":"","overlay-type":"","overlay-color":"","overlay-opacity":"","overlay-gradient":""},"tablet":{"background-color":"var(--ast-global-color-5)","background-image":"","background-repeat":"repeat","background-position":"center center","background-size":"auto","background-attachment":"scroll","background-type":"","background-media":"","overlay-type":"","overlay-color":"","overlay-opacity":"","overlay-gradient":""},"mobile":{"background-color":"var(--ast-global-color-5)","background-image":"","background-repeat":"repeat","background-position":"center center","background-size":"auto","background-attachment":"scroll","background-type":"","background-media":"","overlay-type":"","overlay-color":"","overlay-opacity":"","overlay-gradient":""}}},"product_brand":[],"product_cat":[16],"product_tag":[],"class_list":{"0":"post-168","1":"product","2":"type-product","3":"status-publish","4":"has-post-thumbnail","6":"product_cat-accesorii","7":"desktop-align-center","8":"tablet-align-center","9":"mobile-align-center","11":"first","12":"instock","13":"featured","14":"shipping-taxable","15":"purchasable","16":"product-type-simple"},"aioseo_notices":[],"_links":{"self":[{"href":"http:\/\/shop.amikeco.ro\/index.php?rest_route=\/wp\/v2\/product\/168","targetHints":{"allow":["GET"]}}],"collection":[{"href":"http:\/\/shop.amikeco.ro\/index.php?rest_route=\/wp\/v2\/product"}],"about":[{"href":"http:\/\/shop.amikeco.ro\/index.php?rest_route=\/wp\/v2\/types\/product"}],"replies":[{"embeddable":true,"href":"http:\/\/shop.amikeco.ro\/index.php?rest_route=%2Fwp%2Fv2%2Fcomments&post=168"}],"wp:featuredmedia":[{"embeddable":true,"href":"http:\/\/shop.amikeco.ro\/index.php?rest_route=\/wp\/v2\/media\/3220"}],"wp:attachment":[{"href":"http:\/\/shop.amikeco.ro\/index.php?rest_route=%2Fwp%2Fv2%2Fmedia&parent=168"}],"wp:term":[{"taxonomy":"product_brand","embeddable":true,"href":"http:\/\/shop.amikeco.ro\/index.php?rest_route=%2Fwp%2Fv2%2Fproduct_brand&post=168"},{"taxonomy":"product_cat","embeddable":true,"href":"http:\/\/shop.amikeco.ro\/index.php?rest_route=%2Fwp%2Fv2%2Fproduct_cat&post=168"},{"taxonomy":"product_tag","embeddable":true,"href":"http:\/\/shop.amikeco.ro\/index.php?rest_route=%2Fwp%2Fv2%2Fproduct_tag&post=168"}],"curies":[{"name":"wp","href":"https:\/\/api.w.org\/{rel}","templated":true}]}}