{"id":241,"date":"2025-03-04T18:48:00","date_gmt":"2025-03-04T18:48:00","guid":{"rendered":"http:\/\/shop.amikeco.ro\/index.php\/product\/black-printed-coffee-mug\/"},"modified":"2025-03-05T15:44:38","modified_gmt":"2025-03-05T15:44:38","slug":"cana-cu-logo-amikeco","status":"publish","type":"product","link":"http:\/\/shop.amikeco.ro\/?product=cana-cu-logo-amikeco","title":{"rendered":"Cana cu logo Amikeco"},"content":{"rendered":"<p>\u2714 <strong data-start=\"404\" data-end=\"437\">Material durabil \u0219i rezistent<\/strong><br data-start=\"437\" data-end=\"440\" \/>\u2714 <strong data-start=\"442\" data-end=\"476\">Design modern, cu logo Amikeco<\/strong><br data-start=\"476\" data-end=\"479\" data-is-only-node=\"\" \/>\u2714 <strong data-start=\"481\" data-end=\"517\">Ideal\u0103 pentru acas\u0103 sau la birou<\/strong><br data-start=\"517\" data-end=\"520\" \/>\u2714 <strong data-start=\"522\" data-end=\"569\">Un cadou perfect pentru membrii comunit\u0103\u021bii<\/strong><\/p>\n<p>Transform\u0103 fiecare moment de relaxare \u00eentr-un simbol al apartenen\u021bei la Amikeco!<\/p>\n","protected":false},"excerpt":{"rendered":"<p style=\"text-align: left;\">Savureaz\u0103-\u021bi b\u0103utura preferat\u0103 \u00eentr-o can\u0103 elegant\u0103, personalizat\u0103 cu logo-ul <strong data-start=\"112\" data-end=\"123\">Amikeco<\/strong>!<\/p>\n<p style=\"text-align: left;\">Fabricat\u0103 din materiale de \u00eenalt\u0103 calitate, aceast\u0103 can\u0103 este perfect\u0103 pentru cafea, ceai sau orice alt\u0103 b\u0103utur\u0103 cald\u0103 sau rece. Designul s\u0103u simplu \u0219i modern o face ideal\u0103 at\u00e2t pentru utilizarea zilnic\u0103, c\u00e2t \u0219i pentru a fi oferit\u0103 cadou unui membru al comunit\u0103\u021bii Amikeco.<\/p>\n<p style=\"text-align: left;\">Selecteaza Culoarea:<\/p>\n","protected":false},"featured_media":3161,"comment_status":"open","ping_status":"closed","template":"","meta":{"site-sidebar-layout":"default","site-content-layout":"default","ast-site-content-layout":"default","site-content-style":"default","site-sidebar-style":"default","ast-global-header-display":"","ast-banner-title-visibility":"","ast-main-header-display":"","ast-hfb-above-header-display":"","ast-hfb-below-header-display":"","ast-hfb-mobile-header-display":"","site-post-title":"","ast-breadcrumbs-content":"","ast-featured-img":"","footer-sml-layout":"","ast-disable-related-posts":"","theme-transparent-header-meta":"default","adv-header-id-meta":"","stick-header-meta":"","header-above-stick-meta":"","header-main-stick-meta":"","header-below-stick-meta":"","astra-migrate-meta-layouts":"set","ast-page-background-enabled":"default","ast-page-background-meta":{"desktop":{"background-color":"","background-image":"","background-repeat":"repeat","background-position":"center center","background-size":"auto","background-attachment":"scroll","background-type":"","background-media":"","overlay-type":"","overlay-color":"","overlay-opacity":"","overlay-gradient":""},"tablet":{"background-color":"","background-image":"","background-repeat":"repeat","background-position":"center center","background-size":"auto","background-attachment":"scroll","background-type":"","background-media":"","overlay-type":"","overlay-color":"","overlay-opacity":"","overlay-gradient":""},"mobile":{"background-color":"","background-image":"","background-repeat":"repeat","background-position":"center center","background-size":"auto","background-attachment":"scroll","background-type":"","background-media":"","overlay-type":"","overlay-color":"","overlay-opacity":"","overlay-gradient":""}},"ast-content-background-meta":{"desktop":{"background-color":"var(--ast-global-color-5)","background-image":"","background-repeat":"repeat","background-position":"center center","background-size":"auto","background-attachment":"scroll","background-type":"","background-media":"","overlay-type":"","overlay-color":"","overlay-opacity":"","overlay-gradient":""},"tablet":{"background-color":"var(--ast-global-color-5)","background-image":"","background-repeat":"repeat","background-position":"center center","background-size":"auto","background-attachment":"scroll","background-type":"","background-media":"","overlay-type":"","overlay-color":"","overlay-opacity":"","overlay-gradient":""},"mobile":{"background-color":"var(--ast-global-color-5)","background-image":"","background-repeat":"repeat","background-position":"center center","background-size":"auto","background-attachment":"scroll","background-type":"","background-media":"","overlay-type":"","overlay-color":"","overlay-opacity":"","overlay-gradient":""}}},"product_brand":[],"product_cat":[16],"product_tag":[],"class_list":{"0":"post-241","1":"product","2":"type-product","3":"status-publish","4":"has-post-thumbnail","6":"product_cat-accesorii","7":"desktop-align-center","8":"tablet-align-center","9":"mobile-align-center","11":"first","12":"instock","13":"sale","14":"featured","15":"shipping-taxable","16":"purchasable","17":"product-type-variable"},"aioseo_notices":[],"_links":{"self":[{"href":"http:\/\/shop.amikeco.ro\/index.php?rest_route=\/wp\/v2\/product\/241","targetHints":{"allow":["GET"]}}],"collection":[{"href":"http:\/\/shop.amikeco.ro\/index.php?rest_route=\/wp\/v2\/product"}],"about":[{"href":"http:\/\/shop.amikeco.ro\/index.php?rest_route=\/wp\/v2\/types\/product"}],"replies":[{"embeddable":true,"href":"http:\/\/shop.amikeco.ro\/index.php?rest_route=%2Fwp%2Fv2%2Fcomments&post=241"}],"wp:featuredmedia":[{"embeddable":true,"href":"http:\/\/shop.amikeco.ro\/index.php?rest_route=\/wp\/v2\/media\/3161"}],"wp:attachment":[{"href":"http:\/\/shop.amikeco.ro\/index.php?rest_route=%2Fwp%2Fv2%2Fmedia&parent=241"}],"wp:term":[{"taxonomy":"product_brand","embeddable":true,"href":"http:\/\/shop.amikeco.ro\/index.php?rest_route=%2Fwp%2Fv2%2Fproduct_brand&post=241"},{"taxonomy":"product_cat","embeddable":true,"href":"http:\/\/shop.amikeco.ro\/index.php?rest_route=%2Fwp%2Fv2%2Fproduct_cat&post=241"},{"taxonomy":"product_tag","embeddable":true,"href":"http:\/\/shop.amikeco.ro\/index.php?rest_route=%2Fwp%2Fv2%2Fproduct_tag&post=241"}],"curies":[{"name":"wp","href":"https:\/\/api.w.org\/{rel}","templated":true}]}}