{"id":243,"date":"2025-03-04T18:48:00","date_gmt":"2025-03-04T18:48:00","guid":{"rendered":"http:\/\/shop.amikeco.ro\/index.php\/product\/personalised-mug\/"},"modified":"2025-03-05T15:44:50","modified_gmt":"2025-03-05T15:44:50","slug":"set-3-accesorii-vin","status":"publish","type":"product","link":"http:\/\/shop.amikeco.ro\/?product=set-3-accesorii-vin","title":{"rendered":"Set 3 accesorii de vin"},"content":{"rendered":"<p>\u2714 <strong>Con\u021bine 3 accesorii esen\u021biale pentru servirea vinului<\/strong><br \/>\n\u2714 <strong>Cutie elegant\u0103 din lemn, perfect\u0103 pentru cadou<\/strong><br \/>\n\u2714 <strong>Design rafinat, cu logo Amikeco<\/strong><br \/>\n\u2714 <strong>Ideal pentru colec\u021bionari \u0219i pasiona\u021bi de vinuri<\/strong><\/p>\n<p>Transform\u0103 fiecare degustare \u00eentr-un moment special cu setul exclusiv Amikeco!<\/p>\n","protected":false},"excerpt":{"rendered":"<p>R\u0103sf\u0103\u021b\u0103-te cu o experien\u021b\u0103 autentic\u0103 a servirii vinului cu acest <strong>set elegant de 3 accesorii<\/strong>, prezentat \u00eentr-o cutie sofisticat\u0103 din lemn, personalizat\u0103 cu logo-ul <strong>Amikeco<\/strong>. Perfect pentru iubitorii de vin, acest set este ideal at\u00e2t pentru uz personal, c\u00e2t \u0219i pentru a fi oferit cadou.<\/p>\n","protected":false},"featured_media":3208,"comment_status":"open","ping_status":"closed","template":"","meta":{"site-sidebar-layout":"default","site-content-layout":"default","ast-site-content-layout":"default","site-content-style":"default","site-sidebar-style":"default","ast-global-header-display":"","ast-banner-title-visibility":"","ast-main-header-display":"","ast-hfb-above-header-display":"","ast-hfb-below-header-display":"","ast-hfb-mobile-header-display":"","site-post-title":"","ast-breadcrumbs-content":"","ast-featured-img":"","footer-sml-layout":"","ast-disable-related-posts":"","theme-transparent-header-meta":"default","adv-header-id-meta":"","stick-header-meta":"","header-above-stick-meta":"","header-main-stick-meta":"","header-below-stick-meta":"","astra-migrate-meta-layouts":"set","ast-page-background-enabled":"default","ast-page-background-meta":{"desktop":{"background-color":"","background-image":"","background-repeat":"repeat","background-position":"center center","background-size":"auto","background-attachment":"scroll","background-type":"","background-media":"","overlay-type":"","overlay-color":"","overlay-opacity":"","overlay-gradient":""},"tablet":{"background-color":"","background-image":"","background-repeat":"repeat","background-position":"center center","background-size":"auto","background-attachment":"scroll","background-type":"","background-media":"","overlay-type":"","overlay-color":"","overlay-opacity":"","overlay-gradient":""},"mobile":{"background-color":"","background-image":"","background-repeat":"repeat","background-position":"center center","background-size":"auto","background-attachment":"scroll","background-type":"","background-media":"","overlay-type":"","overlay-color":"","overlay-opacity":"","overlay-gradient":""}},"ast-content-background-meta":{"desktop":{"background-color":"var(--ast-global-color-5)","background-image":"","background-repeat":"repeat","background-position":"center center","background-size":"auto","background-attachment":"scroll","background-type":"","background-media":"","overlay-type":"","overlay-color":"","overlay-opacity":"","overlay-gradient":""},"tablet":{"background-color":"var(--ast-global-color-5)","background-image":"","background-repeat":"repeat","background-position":"center center","background-size":"auto","background-attachment":"scroll","background-type":"","background-media":"","overlay-type":"","overlay-color":"","overlay-opacity":"","overlay-gradient":""},"mobile":{"background-color":"var(--ast-global-color-5)","background-image":"","background-repeat":"repeat","background-position":"center center","background-size":"auto","background-attachment":"scroll","background-type":"","background-media":"","overlay-type":"","overlay-color":"","overlay-opacity":"","overlay-gradient":""}}},"product_brand":[],"product_cat":[16],"product_tag":[],"class_list":{"0":"post-243","1":"product","2":"type-product","3":"status-publish","4":"has-post-thumbnail","6":"product_cat-accesorii","7":"desktop-align-center","8":"tablet-align-center","9":"mobile-align-center","11":"first","12":"instock","13":"featured","14":"shipping-taxable","15":"purchasable","16":"product-type-simple"},"aioseo_notices":[],"_links":{"self":[{"href":"http:\/\/shop.amikeco.ro\/index.php?rest_route=\/wp\/v2\/product\/243","targetHints":{"allow":["GET"]}}],"collection":[{"href":"http:\/\/shop.amikeco.ro\/index.php?rest_route=\/wp\/v2\/product"}],"about":[{"href":"http:\/\/shop.amikeco.ro\/index.php?rest_route=\/wp\/v2\/types\/product"}],"replies":[{"embeddable":true,"href":"http:\/\/shop.amikeco.ro\/index.php?rest_route=%2Fwp%2Fv2%2Fcomments&post=243"}],"wp:featuredmedia":[{"embeddable":true,"href":"http:\/\/shop.amikeco.ro\/index.php?rest_route=\/wp\/v2\/media\/3208"}],"wp:attachment":[{"href":"http:\/\/shop.amikeco.ro\/index.php?rest_route=%2Fwp%2Fv2%2Fmedia&parent=243"}],"wp:term":[{"taxonomy":"product_brand","embeddable":true,"href":"http:\/\/shop.amikeco.ro\/index.php?rest_route=%2Fwp%2Fv2%2Fproduct_brand&post=243"},{"taxonomy":"product_cat","embeddable":true,"href":"http:\/\/shop.amikeco.ro\/index.php?rest_route=%2Fwp%2Fv2%2Fproduct_cat&post=243"},{"taxonomy":"product_tag","embeddable":true,"href":"http:\/\/shop.amikeco.ro\/index.php?rest_route=%2Fwp%2Fv2%2Fproduct_tag&post=243"}],"curies":[{"name":"wp","href":"https:\/\/api.w.org\/{rel}","templated":true}]}}